{"id":924,"date":"2024-05-06T08:56:04","date_gmt":"2024-05-06T06:56:04","guid":{"rendered":"https:\/\/www.starpestudi.com\/accesibilidad\/"},"modified":"2024-05-06T09:12:13","modified_gmt":"2024-05-06T07:12:13","slug":"accesibilidad","status":"publish","type":"page","link":"https:\/\/www.starpestudi.com\/es\/accesibilidad\/","title":{"rendered":"Accesibilidad"},"content":{"rendered":"\t\t<div data-elementor-type=\"wp-page\" data-elementor-id=\"924\" class=\"elementor elementor-924 elementor-916\" data-elementor-post-type=\"page\">\n\t\t\t\t<div class=\"elementor-element elementor-element-7270200 e-con-full e-flex e-con e-parent\" data-id=\"7270200\" data-element_type=\"container\">\n\t\t<div class=\"elementor-element elementor-element-9c38296 e-con-full e-flex e-con e-child\" data-id=\"9c38296\" data-element_type=\"container\">\n\t\t\t\t<div class=\"elementor-element elementor-element-14d8d9f elementor-toc--minimized-on-tablet elementor-widget elementor-widget-table-of-contents\" data-id=\"14d8d9f\" data-element_type=\"widget\" data-settings=\"{&quot;exclude_headings_by_selector&quot;:[],&quot;sticky&quot;:&quot;top&quot;,&quot;sticky_offset&quot;:90,&quot;sticky_parent&quot;:&quot;yes&quot;,&quot;headings_by_tags&quot;:[&quot;h2&quot;,&quot;h3&quot;,&quot;h4&quot;,&quot;h5&quot;,&quot;h6&quot;],&quot;marker_view&quot;:&quot;numbers&quot;,&quot;minimize_box&quot;:&quot;yes&quot;,&quot;minimized_on&quot;:&quot;tablet&quot;,&quot;hierarchical_view&quot;:&quot;yes&quot;,&quot;min_height&quot;:{&quot;unit&quot;:&quot;px&quot;,&quot;size&quot;:&quot;&quot;,&quot;sizes&quot;:[]},&quot;min_height_tablet&quot;:{&quot;unit&quot;:&quot;px&quot;,&quot;size&quot;:&quot;&quot;,&quot;sizes&quot;:[]},&quot;min_height_mobile&quot;:{&quot;unit&quot;:&quot;px&quot;,&quot;size&quot;:&quot;&quot;,&quot;sizes&quot;:[]},&quot;sticky_on&quot;:[&quot;desktop&quot;,&quot;tablet&quot;,&quot;mobile&quot;],&quot;sticky_effects_offset&quot;:0}\" data-widget_type=\"table-of-contents.default\">\n\t\t\t\t<div class=\"elementor-widget-container\">\n\t\t\t\t\t\t\t<div class=\"elementor-toc__header\">\n\t\t\t<h3 class=\"elementor-toc__header-title\">\n\t\t\t\t\u00cdndice de contenidos\t\t\t<\/h3>\n\t\t\t\t\t\t\t<div class=\"elementor-toc__toggle-button elementor-toc__toggle-button--expand\" role=\"button\" tabindex=\"0\" aria-controls=\"elementor-toc__14d8d9f\" aria-expanded=\"true\" aria-label=\"Abrir la tabla de contenidos\"><svg aria-hidden=\"true\" class=\"e-font-icon-svg e-fas-chevron-down\" viewBox=\"0 0 448 512\" xmlns=\"http:\/\/www.w3.org\/2000\/svg\"><path d=\"M207.029 381.476L12.686 187.132c-9.373-9.373-9.373-24.569 0-33.941l22.667-22.667c9.357-9.357 24.522-9.375 33.901-.04L224 284.505l154.745-154.021c9.379-9.335 24.544-9.317 33.901.04l22.667 22.667c9.373 9.373 9.373 24.569 0 33.941L240.971 381.476c-9.373 9.372-24.569 9.372-33.942 0z\"><\/path><\/svg><\/div>\n\t\t\t\t<div class=\"elementor-toc__toggle-button elementor-toc__toggle-button--collapse\" role=\"button\" tabindex=\"0\" aria-controls=\"elementor-toc__14d8d9f\" aria-expanded=\"true\" aria-label=\"Cerrar la tabla de contenidos\"><svg aria-hidden=\"true\" class=\"e-font-icon-svg e-fas-chevron-up\" viewBox=\"0 0 448 512\" xmlns=\"http:\/\/www.w3.org\/2000\/svg\"><path d=\"M240.971 130.524l194.343 194.343c9.373 9.373 9.373 24.569 0 33.941l-22.667 22.667c-9.357 9.357-24.522 9.375-33.901.04L224 227.495 69.255 381.516c-9.379 9.335-24.544 9.317-33.901-.04l-22.667-22.667c-9.373-9.373-9.373-24.569 0-33.941L207.03 130.525c9.372-9.373 24.568-9.373 33.941-.001z\"><\/path><\/svg><\/div>\n\t\t\t\t\t<\/div>\n\t\t<div id=\"elementor-toc__14d8d9f\" class=\"elementor-toc__body\">\n\t\t\t<div class=\"elementor-toc__spinner-container\">\n\t\t\t\t<svg class=\"elementor-toc__spinner eicon-animation-spin e-font-icon-svg e-eicon-loading\" aria-hidden=\"true\" viewBox=\"0 0 1000 1000\" xmlns=\"http:\/\/www.w3.org\/2000\/svg\"><path d=\"M500 975V858C696 858 858 696 858 500S696 142 500 142 142 304 142 500H25C25 237 238 25 500 25S975 237 975 500 763 975 500 975Z\"><\/path><\/svg>\t\t\t<\/div>\n\t\t<\/div>\n\t\t\t\t\t\t<\/div>\n\t\t\t\t<\/div>\n\t\t\t\t<\/div>\n\t\t<div class=\"elementor-element elementor-element-f892bce e-con-full e-flex e-con e-child\" data-id=\"f892bce\" data-element_type=\"container\">\n\t\t\t\t<div class=\"elementor-element elementor-element-92396ef elementor-widget elementor-widget-heading\" data-id=\"92396ef\" data-element_type=\"widget\" data-widget_type=\"heading.default\">\n\t\t\t\t<div class=\"elementor-widget-container\">\n\t\t\t\t\t<h1 class=\"elementor-heading-title elementor-size-default\">Accesibilidad<\/h1>\t\t\t\t<\/div>\n\t\t\t\t<\/div>\n\t\t\t\t<div class=\"elementor-element elementor-element-6103a41 legal elementor-widget elementor-widget-text-editor\" data-id=\"6103a41\" data-element_type=\"widget\" data-widget_type=\"text-editor.default\">\n\t\t\t\t<div class=\"elementor-widget-container\">\n\t\t\t\t\t\t\t\t\t<div class=\"elementor-widget-container\">\n<p>Starp Estudi e ha comprometido a hacer accesible su sitio web de conformidad con el <a title=\"Web del Bolet\u00edn Oficial del Estado : Abre nueva ventana\" href=\"https:\/\/www.boe.es\/buscar\/act.php?id=BOE-A-2018-12699\" target=\"_blank\" rel=\"noopener\">Real Decreto 1112\/2018, de 7 de septiembre.<\/a><\/p>\n<p>La presente declaraci\u00f3n de accesibilidad se aplica a <a href=\"https:\/\/starpestudi.com\">https:\/\/starpestudi.com<\/a><\/p>\n<h2>Situaci\u00f3n de cumplimiento<\/h2>\n<p>Este sitio web es parcialmente conforme con el Real Decreto 1112\/2018, de 7 de septiembre, debido a la carencia de conformidad de los aspectos que se indican a continuaci\u00f3n.<\/p>\n<h2>Contenido no accesible<\/h2>\n<p>El contenido que se recoge a continuaci\u00f3n no es accesible por los siguientes motivos:<\/p>\n<ul>\n<li>Falta de conformidad con el Real Decreto 1112\/2018, de 7 de septiembre, debido a la falta de conformidad de los aspectos que se indican a continuaci\u00f3n.\n<ul>\n<li>Falta parcial del punto descrito en w3.org de Teclado (Condicional) en algunas p\u00e1ginas. (<a href=\"https:\/\/www.w3.org\/TR\/WCAG\/#keyboard\">https:\/\/www.w3.org\/TR\/WCAG\/#keyboard<\/a>)<\/li>\n<li>Falta parcial del punto descrito en w3.org de Accesos directos de teclado (Condicional) en algunas p\u00e1ginas. (<a href=\"https:\/\/www.w3.org\/TR\/WCAG\/#character-key-shortcuts\">https:\/\/www.w3.org\/TR\/WCAG\/#character-key-shortcuts<\/a>)<\/li>\n<li>Falta parcial del punto descrito en w3.org de orden del foco (Condicional) en algunas p\u00e1ginas. (<a href=\"https:\/\/www.w3.org\/TR\/WCAG\/#focus-order\">https:\/\/www.w3.org\/TR\/WCAG\/#focus-order<\/a>)<\/li>\n<li>Falta completa del punto descrito en w3.org de activaci\u00f3n mediante movimiento (Condicional) en algunas p\u00e1ginas (<a href=\"https:\/\/www.w3.org\/TR\/WCAG\/#motion-actuation\">https:\/\/www.w3.org\/TR\/WCAG\/#motion-actuation<\/a>)<\/li>\n<li>Falta parcial del punto descrito en w3.org de recibir el foco (Condicional) en algunas p\u00e1ginas. (<a href=\"https:\/\/www.w3.org\/TR\/WCAG\/#on-focus\">https:\/\/www.w3.org\/TR\/WCAG\/#on-focus<\/a>)<\/li>\n<li>Falta completa del punto descrito en w3.org de los requisitos de conformidad de las Pautas WCAG (Condicional) en algunas p\u00e1ginas.<\/li>\n<li>Falta parcial del punto descrito en w3.org de los requisitos de conformidad de Contenido no textual (Condicional) en algunas p\u00e1ginas. (<a href=\"http:\/\/www.w3.org\/TR\/WCAG\/#text-alternatives\/\" target=\"_blank\" rel=\"noopener\">http:\/\/www.w3.org\/TR\/WCAG\/#text-alternatives\/<\/a>)<\/li>\n<\/ul>\n<\/li>\n<\/ul>\n<\/div>\n<h2>Preparaci\u00f3n de la presente declaraci\u00f3n de accesibilidad<\/h2>\n<p>La presente declaraci\u00f3n fue preparada el 06\/05\/2024.<\/p>\n<p>El m\u00e9todo empleado para preparar la declaraci\u00f3n ha sido una autoevaluaci\u00f3n llevada a cabo por el propio organismo.<\/p>\n<p>\u00daltima revisi\u00f3n de la declaraci\u00f3n: 05 de mayo de 2024.<\/p>\n<h2>Observaciones y datos de contacto<\/h2>\n<p>Puedes realizar comunicaciones sobre requisitos de accesibilidad (art\u00edculo 10.2.a) del Real decreto 1112\/2018, de 7 de septiembre como, por ejemplo:<\/p>\n<ul>\n<li>Informar sobre cualquier posible incumplimiento por parte de este sitio web.<\/li>\n<li>Transmitir otras dificultades de acceso al contenido.<\/li>\n<li>Formular cualquier otra consulta o sugerencia de mejora relativa a la accesibilidad del sitio web.<\/li>\n<\/ul>\n<p>A trav\u00e9s de la siguiente v\u00eda:<\/p>\n<p>Email: <a href=\"mailto:info@starpestudi.com\">info@starpestudi.com<\/a><\/p>\n<p>Tambi\u00e9n puede solicitar en formato accesible informaci\u00f3n que no cumpla con los requisitos de accesibilidad bien por estar excluida, bien por estar exenta por carga desproporcionada; o <a href=\"https:\/\/sedeminhap.gob.es\/es-ES\/Organos\/SecretariaGeneralTecnica\/Procedimientos\/Paginas\/Default.aspx?IdProcedimiento=1770&amp;p=3\">formular una queja<\/a> por incumplimiento de los requisitos de accesibilidad.<\/p>\n<h2>Procedimiento de aplicaci\u00f3n<\/h2>\n<p>A trav\u00e9s de este procedimiento podr\u00e1s iniciar una reclamaci\u00f3n para conocer y oponerte a los motivos de la desestimaci\u00f3n de una solicitud de informaci\u00f3n accesible o queja, instar la adopci\u00f3n de las medidas oportunas en caso de no estar de de acuerdo con la decisi\u00f3n adoptada, o exponer las razones por las que se considera que la respuesta no cumple con los requisitos exigidos.<\/p>\n<p>Enlace al <a href=\"https:\/\/sedeminhap.gob.es\/es-ES\/Organos\/SecretariaGeneralTecnica\/Procedimientos\/Paginas\/Default.aspx?IdProcedimiento=1771&amp;p=2\">procedimiento de reclamaci\u00f3n<\/a> , que debe dirigir a la Unidad responsable de accesibilidad de este Ministerio, o si la reclamaci\u00f3n es por una actuaci\u00f3n de esta Unidad, al superior jer\u00e1rquico de la misma.<\/p>\n\t\t\t\t\t\t\t\t<\/div>\n\t\t\t\t<\/div>\n\t\t\t\t<\/div>\n\t\t\t\t<\/div>\n\t\t\t\t<\/div>\n\t\t","protected":false},"excerpt":{"rendered":"<p>\u00cdndice de contenidos Accesibilidad Starp Estudi e ha comprometido a hacer accesible su sitio web de conformidad con el Real Decreto 1112\/2018, de 7 de septiembre. La presente declaraci\u00f3n de accesibilidad se aplica a https:\/\/starpestudi.com Situaci\u00f3n de cumplimiento Este sitio web es parcialmente conforme con el Real Decreto 1112\/2018, de 7 de septiembre, debido a [&hellip;]<\/p>\n","protected":false},"author":1,"featured_media":0,"parent":0,"menu_order":0,"comment_status":"closed","ping_status":"closed","template":"","meta":{"footnotes":""},"class_list":["post-924","page","type-page","status-publish","hentry"],"yoast_head":"<!-- This site is optimized with the Yoast SEO plugin v26.7 - https:\/\/yoast.com\/wordpress\/plugins\/seo\/ -->\n<title>Accesibilidad - Starp Estudi<\/title>\n<meta name=\"robots\" content=\"index, follow, max-snippet:-1, max-image-preview:large, max-video-preview:-1\" \/>\n<link rel=\"canonical\" href=\"https:\/\/www.starpestudi.com\/es\/accesibilidad\/\" \/>\n<meta property=\"og:locale\" content=\"es_ES\" \/>\n<meta property=\"og:type\" content=\"article\" \/>\n<meta property=\"og:title\" content=\"Accesibilidad - Starp Estudi\" \/>\n<meta property=\"og:description\" content=\"\u00cdndice de contenidos Accesibilidad Starp Estudi e ha comprometido a hacer accesible su sitio web de conformidad con el Real Decreto 1112\/2018, de 7 de septiembre. La presente declaraci\u00f3n de accesibilidad se aplica a https:\/\/starpestudi.com Situaci\u00f3n de cumplimiento Este sitio web es parcialmente conforme con el Real Decreto 1112\/2018, de 7 de septiembre, debido a [&hellip;]\" \/>\n<meta property=\"og:url\" content=\"https:\/\/www.starpestudi.com\/es\/accesibilidad\/\" \/>\n<meta property=\"og:site_name\" content=\"Starp Estudi\" \/>\n<meta property=\"article:modified_time\" content=\"2024-05-06T07:12:13+00:00\" \/>\n<meta name=\"twitter:card\" content=\"summary_large_image\" \/>\n<meta name=\"twitter:label1\" content=\"Tiempo de lectura\" \/>\n\t<meta name=\"twitter:data1\" content=\"3 minutos\" \/>\n<script type=\"application\/ld+json\" class=\"yoast-schema-graph\">{\"@context\":\"https:\/\/schema.org\",\"@graph\":[{\"@type\":\"WebPage\",\"@id\":\"https:\/\/www.starpestudi.com\/es\/accesibilidad\/\",\"url\":\"https:\/\/www.starpestudi.com\/es\/accesibilidad\/\",\"name\":\"Accesibilidad - Starp Estudi\",\"isPartOf\":{\"@id\":\"https:\/\/www.starpestudi.com\/es\/#website\"},\"datePublished\":\"2024-05-06T06:56:04+00:00\",\"dateModified\":\"2024-05-06T07:12:13+00:00\",\"breadcrumb\":{\"@id\":\"https:\/\/www.starpestudi.com\/es\/accesibilidad\/#breadcrumb\"},\"inLanguage\":\"es\",\"potentialAction\":[{\"@type\":\"ReadAction\",\"target\":[\"https:\/\/www.starpestudi.com\/es\/accesibilidad\/\"]}]},{\"@type\":\"BreadcrumbList\",\"@id\":\"https:\/\/www.starpestudi.com\/es\/accesibilidad\/#breadcrumb\",\"itemListElement\":[{\"@type\":\"ListItem\",\"position\":1,\"name\":\"Home\",\"item\":\"https:\/\/www.starpestudi.com\/es\/home\/\"},{\"@type\":\"ListItem\",\"position\":2,\"name\":\"Accesibilidad\"}]},{\"@type\":\"WebSite\",\"@id\":\"https:\/\/www.starpestudi.com\/es\/#website\",\"url\":\"https:\/\/www.starpestudi.com\/es\/\",\"name\":\"Starp Estudi\",\"description\":\"Estudi fotogr\u00e0fic\",\"publisher\":{\"@id\":\"https:\/\/www.starpestudi.com\/es\/#organization\"},\"potentialAction\":[{\"@type\":\"SearchAction\",\"target\":{\"@type\":\"EntryPoint\",\"urlTemplate\":\"https:\/\/www.starpestudi.com\/es\/?s={search_term_string}\"},\"query-input\":{\"@type\":\"PropertyValueSpecification\",\"valueRequired\":true,\"valueName\":\"search_term_string\"}}],\"inLanguage\":\"es\"},{\"@type\":\"Organization\",\"@id\":\"https:\/\/www.starpestudi.com\/es\/#organization\",\"name\":\"Starp Estudi\",\"url\":\"https:\/\/www.starpestudi.com\/es\/\",\"logo\":{\"@type\":\"ImageObject\",\"inLanguage\":\"es\",\"@id\":\"https:\/\/www.starpestudi.com\/es\/#\/schema\/logo\/image\/\",\"url\":\"https:\/\/www.starpestudi.com\/wp-content\/uploads\/2024\/02\/logo-starpestudi.svg\",\"contentUrl\":\"https:\/\/www.starpestudi.com\/wp-content\/uploads\/2024\/02\/logo-starpestudi.svg\",\"caption\":\"Starp Estudi\"},\"image\":{\"@id\":\"https:\/\/www.starpestudi.com\/es\/#\/schema\/logo\/image\/\"}}]}<\/script>\n<!-- \/ Yoast SEO plugin. -->","yoast_head_json":{"title":"Accesibilidad - Starp Estudi","robots":{"index":"index","follow":"follow","max-snippet":"max-snippet:-1","max-image-preview":"max-image-preview:large","max-video-preview":"max-video-preview:-1"},"canonical":"https:\/\/www.starpestudi.com\/es\/accesibilidad\/","og_locale":"es_ES","og_type":"article","og_title":"Accesibilidad - Starp Estudi","og_description":"\u00cdndice de contenidos Accesibilidad Starp Estudi e ha comprometido a hacer accesible su sitio web de conformidad con el Real Decreto 1112\/2018, de 7 de septiembre. La presente declaraci\u00f3n de accesibilidad se aplica a https:\/\/starpestudi.com Situaci\u00f3n de cumplimiento Este sitio web es parcialmente conforme con el Real Decreto 1112\/2018, de 7 de septiembre, debido a [&hellip;]","og_url":"https:\/\/www.starpestudi.com\/es\/accesibilidad\/","og_site_name":"Starp Estudi","article_modified_time":"2024-05-06T07:12:13+00:00","twitter_card":"summary_large_image","twitter_misc":{"Tiempo de lectura":"3 minutos"},"schema":{"@context":"https:\/\/schema.org","@graph":[{"@type":"WebPage","@id":"https:\/\/www.starpestudi.com\/es\/accesibilidad\/","url":"https:\/\/www.starpestudi.com\/es\/accesibilidad\/","name":"Accesibilidad - Starp Estudi","isPartOf":{"@id":"https:\/\/www.starpestudi.com\/es\/#website"},"datePublished":"2024-05-06T06:56:04+00:00","dateModified":"2024-05-06T07:12:13+00:00","breadcrumb":{"@id":"https:\/\/www.starpestudi.com\/es\/accesibilidad\/#breadcrumb"},"inLanguage":"es","potentialAction":[{"@type":"ReadAction","target":["https:\/\/www.starpestudi.com\/es\/accesibilidad\/"]}]},{"@type":"BreadcrumbList","@id":"https:\/\/www.starpestudi.com\/es\/accesibilidad\/#breadcrumb","itemListElement":[{"@type":"ListItem","position":1,"name":"Home","item":"https:\/\/www.starpestudi.com\/es\/home\/"},{"@type":"ListItem","position":2,"name":"Accesibilidad"}]},{"@type":"WebSite","@id":"https:\/\/www.starpestudi.com\/es\/#website","url":"https:\/\/www.starpestudi.com\/es\/","name":"Starp Estudi","description":"Estudi fotogr\u00e0fic","publisher":{"@id":"https:\/\/www.starpestudi.com\/es\/#organization"},"potentialAction":[{"@type":"SearchAction","target":{"@type":"EntryPoint","urlTemplate":"https:\/\/www.starpestudi.com\/es\/?s={search_term_string}"},"query-input":{"@type":"PropertyValueSpecification","valueRequired":true,"valueName":"search_term_string"}}],"inLanguage":"es"},{"@type":"Organization","@id":"https:\/\/www.starpestudi.com\/es\/#organization","name":"Starp Estudi","url":"https:\/\/www.starpestudi.com\/es\/","logo":{"@type":"ImageObject","inLanguage":"es","@id":"https:\/\/www.starpestudi.com\/es\/#\/schema\/logo\/image\/","url":"https:\/\/www.starpestudi.com\/wp-content\/uploads\/2024\/02\/logo-starpestudi.svg","contentUrl":"https:\/\/www.starpestudi.com\/wp-content\/uploads\/2024\/02\/logo-starpestudi.svg","caption":"Starp Estudi"},"image":{"@id":"https:\/\/www.starpestudi.com\/es\/#\/schema\/logo\/image\/"}}]}},"_links":{"self":[{"href":"https:\/\/www.starpestudi.com\/es\/wp-json\/wp\/v2\/pages\/924","targetHints":{"allow":["GET"]}}],"collection":[{"href":"https:\/\/www.starpestudi.com\/es\/wp-json\/wp\/v2\/pages"}],"about":[{"href":"https:\/\/www.starpestudi.com\/es\/wp-json\/wp\/v2\/types\/page"}],"author":[{"embeddable":true,"href":"https:\/\/www.starpestudi.com\/es\/wp-json\/wp\/v2\/users\/1"}],"replies":[{"embeddable":true,"href":"https:\/\/www.starpestudi.com\/es\/wp-json\/wp\/v2\/comments?post=924"}],"version-history":[{"count":1,"href":"https:\/\/www.starpestudi.com\/es\/wp-json\/wp\/v2\/pages\/924\/revisions"}],"predecessor-version":[{"id":925,"href":"https:\/\/www.starpestudi.com\/es\/wp-json\/wp\/v2\/pages\/924\/revisions\/925"}],"wp:attachment":[{"href":"https:\/\/www.starpestudi.com\/es\/wp-json\/wp\/v2\/media?parent=924"}],"curies":[{"name":"wp","href":"https:\/\/api.w.org\/{rel}","templated":true}]}}