{"id":911,"date":"2024-02-07T08:27:22","date_gmt":"2024-02-07T07:27:22","guid":{"rendered":"https:\/\/www.starpestudi.com\/aviso-legal\/"},"modified":"2024-04-30T15:00:51","modified_gmt":"2024-04-30T13:00:51","slug":"aviso-legal","status":"publish","type":"page","link":"https:\/\/www.starpestudi.com\/es\/aviso-legal\/","title":{"rendered":"Aviso Legal"},"content":{"rendered":"\t\t<div data-elementor-type=\"wp-page\" data-elementor-id=\"911\" class=\"elementor elementor-911 elementor-172\" data-elementor-post-type=\"page\">\n\t\t\t\t<div class=\"elementor-element elementor-element-3f40354 e-con-full e-flex e-con e-parent\" data-id=\"3f40354\" data-element_type=\"container\">\n\t\t<div class=\"elementor-element elementor-element-f32f75d e-con-full e-flex e-con e-child\" data-id=\"f32f75d\" data-element_type=\"container\">\n\t\t\t\t<div class=\"elementor-element elementor-element-204257b elementor-toc--minimized-on-tablet elementor-widget elementor-widget-table-of-contents\" data-id=\"204257b\" data-element_type=\"widget\" data-settings=\"{&quot;exclude_headings_by_selector&quot;:[],&quot;sticky&quot;:&quot;top&quot;,&quot;sticky_offset&quot;:90,&quot;sticky_parent&quot;:&quot;yes&quot;,&quot;headings_by_tags&quot;:[&quot;h2&quot;,&quot;h3&quot;,&quot;h4&quot;,&quot;h5&quot;,&quot;h6&quot;],&quot;marker_view&quot;:&quot;numbers&quot;,&quot;minimize_box&quot;:&quot;yes&quot;,&quot;minimized_on&quot;:&quot;tablet&quot;,&quot;hierarchical_view&quot;:&quot;yes&quot;,&quot;min_height&quot;:{&quot;unit&quot;:&quot;px&quot;,&quot;size&quot;:&quot;&quot;,&quot;sizes&quot;:[]},&quot;min_height_tablet&quot;:{&quot;unit&quot;:&quot;px&quot;,&quot;size&quot;:&quot;&quot;,&quot;sizes&quot;:[]},&quot;min_height_mobile&quot;:{&quot;unit&quot;:&quot;px&quot;,&quot;size&quot;:&quot;&quot;,&quot;sizes&quot;:[]},&quot;sticky_on&quot;:[&quot;desktop&quot;,&quot;tablet&quot;,&quot;mobile&quot;],&quot;sticky_effects_offset&quot;:0}\" data-widget_type=\"table-of-contents.default\">\n\t\t\t\t<div class=\"elementor-widget-container\">\n\t\t\t\t\t\t\t<div class=\"elementor-toc__header\">\n\t\t\t<h3 class=\"elementor-toc__header-title\">\n\t\t\t\t\u00cdndice de contenidos\t\t\t<\/h3>\n\t\t\t\t\t\t\t<div class=\"elementor-toc__toggle-button elementor-toc__toggle-button--expand\" role=\"button\" tabindex=\"0\" aria-controls=\"elementor-toc__204257b\" aria-expanded=\"true\" aria-label=\"Abrir la tabla de contenidos\"><svg aria-hidden=\"true\" class=\"e-font-icon-svg e-fas-chevron-down\" viewBox=\"0 0 448 512\" xmlns=\"http:\/\/www.w3.org\/2000\/svg\"><path d=\"M207.029 381.476L12.686 187.132c-9.373-9.373-9.373-24.569 0-33.941l22.667-22.667c9.357-9.357 24.522-9.375 33.901-.04L224 284.505l154.745-154.021c9.379-9.335 24.544-9.317 33.901.04l22.667 22.667c9.373 9.373 9.373 24.569 0 33.941L240.971 381.476c-9.373 9.372-24.569 9.372-33.942 0z\"><\/path><\/svg><\/div>\n\t\t\t\t<div class=\"elementor-toc__toggle-button elementor-toc__toggle-button--collapse\" role=\"button\" tabindex=\"0\" aria-controls=\"elementor-toc__204257b\" aria-expanded=\"true\" aria-label=\"Cerrar la tabla de contenidos\"><svg aria-hidden=\"true\" class=\"e-font-icon-svg e-fas-chevron-up\" viewBox=\"0 0 448 512\" xmlns=\"http:\/\/www.w3.org\/2000\/svg\"><path d=\"M240.971 130.524l194.343 194.343c9.373 9.373 9.373 24.569 0 33.941l-22.667 22.667c-9.357 9.357-24.522 9.375-33.901.04L224 227.495 69.255 381.516c-9.379 9.335-24.544 9.317-33.901-.04l-22.667-22.667c-9.373-9.373-9.373-24.569 0-33.941L207.03 130.525c9.372-9.373 24.568-9.373 33.941-.001z\"><\/path><\/svg><\/div>\n\t\t\t\t\t<\/div>\n\t\t<div id=\"elementor-toc__204257b\" class=\"elementor-toc__body\">\n\t\t\t<div class=\"elementor-toc__spinner-container\">\n\t\t\t\t<svg class=\"elementor-toc__spinner eicon-animation-spin e-font-icon-svg e-eicon-loading\" aria-hidden=\"true\" viewBox=\"0 0 1000 1000\" xmlns=\"http:\/\/www.w3.org\/2000\/svg\"><path d=\"M500 975V858C696 858 858 696 858 500S696 142 500 142 142 304 142 500H25C25 237 238 25 500 25S975 237 975 500 763 975 500 975Z\"><\/path><\/svg>\t\t\t<\/div>\n\t\t<\/div>\n\t\t\t\t\t\t<\/div>\n\t\t\t\t<\/div>\n\t\t\t\t<\/div>\n\t\t<div class=\"elementor-element elementor-element-b81961a e-con-full e-flex e-con e-child\" data-id=\"b81961a\" data-element_type=\"container\">\n\t\t\t\t<div class=\"elementor-element elementor-element-97db181 elementor-widget elementor-widget-heading\" data-id=\"97db181\" data-element_type=\"widget\" data-widget_type=\"heading.default\">\n\t\t\t\t<div class=\"elementor-widget-container\">\n\t\t\t\t\t<h1 class=\"elementor-heading-title elementor-size-default\">Aviso Legal<\/h1>\t\t\t\t<\/div>\n\t\t\t\t<\/div>\n\t\t\t\t<div class=\"elementor-element elementor-element-9cae7f6 legal elementor-widget elementor-widget-text-editor\" data-id=\"9cae7f6\" data-element_type=\"widget\" data-widget_type=\"text-editor.default\">\n\t\t\t\t<div class=\"elementor-widget-container\">\n\t\t\t\t\t\t\t\t\t<p>El contenido web que ofrece Starp Estudi a trav\u00e9s de la p\u00e1gina web <a href=\"https:\/\/starpestudi.com\">https:\/\/starpestudi.com<\/a> (de ahora en adelante, el Sitio web). Te invitamos a leerlas atentamente y a consultarlas siempre que quieras.<\/p>\n<p>Puedes contactarnos en la direcci\u00f3n de correo electr\u00f3nico <a class=\"black font3\" href=\"mailto:info@starpestudi.com\">info@starpestudi.com<\/a>. Estaremos encantados de atenderte.<\/p>\n<h2>\u00bfQui\u00e9nes somos?<\/h2>\n<p>La p\u00e1gina web <a href=\"https:\/\/starpestudi.com\">https:\/\/starpestudi.com <\/a> (en adelante, el Sitio web) es un dominio de Internet propiedad de Starp Estudi Los datos identificativos de Starp Estudi son:<\/p>\n<p>Ponemos a vuestra disposici\u00f3n el Sitio web para facilitaros el acceso a la informaci\u00f3n sobre nuestros servicios y para que, si es necesario, pod\u00e1is contactar con nosotros.<\/p>\n<h2>Aceptaci\u00f3n de las condiciones de uso<\/h2>\n<p>Navegando por el Sitio web acept\u00e1is plenamente todas y cada una de las condiciones legales expuestas en el Aviso legal, en la Pol\u00edtica de privacidad y en la Pol\u00edtica de cookies.<\/p>\n<p>Para adaptar los textos legales del Sitio web a sus contenidos en cada momento, nos reservamos el derecho de realizar las modificaciones oportunas en el Aviso legal, en la Pol\u00edtica de Privacidad, en la Pol\u00edtica de cookies y en las Condiciones generales.<\/p>\n<h2>Acceso al Sitio web e informaci\u00f3n sobre Starp Estudi.<\/h2>\n<p>El acceso al Sitio web es completamente gratuito y no requiere registro por parte del usuario.<\/p>\n<p>Este Sitio web tiene como objetivo principal la difusi\u00f3n de los servicios de Starp Estudi, as\u00ed como facilitar informaci\u00f3n sobre la misma empresa.<\/p>\n<p>A trav\u00e9s del Sitio web, os proporcionamos un medio de comunicaci\u00f3n para que pod\u00e1is contactar con nosotros con el fin de recibir informaci\u00f3n sobre nuestros servicios que puedan ser de vuestro inter\u00e9s, trabajar\/colaborar con nosotros, as\u00ed como para responder consultas relacionadas con Starp Estudi. Por lo tanto, velaremos por asegurar que en todo momento la informaci\u00f3n que aparezca en el Sitio web sea veraz, precisa y accesible.<\/p>\n<p>Este Sitio web, por motivos de seguridad y para la protecci\u00f3n de la transmisi\u00f3n de contenidos confidenciales, utiliza un cifrado SSL o bien TLS. Podr\u00e9is identificar que la conexi\u00f3n est\u00e1 cifrada porque la barra de direcci\u00f3n del navegador cambia de \u201chttp:\/\/\u201d a \u201chttps:\/\/\u201d y por el s\u00edmbolo de candado en la barra de direcci\u00f3n del navegador. Si est\u00e1 activado el cifrado SSL o TLS, los datos que nos transmit\u00e1is no podr\u00e1n ser le\u00eddos por terceros.  <\/p>\n<p>Starp Estudi no puede garantizar la inexistencia de interrupciones o errores en el acceso al sitio web o a su contenido, ni que este se encuentre permanentemente actualizado, sin imprecisiones o inexactitudes. En cualquier caso, nos comprometemos a solucionar los posibles errores, interrupciones en la comunicaci\u00f3n y falta de actualizaci\u00f3n de estos contenidos lo antes posible. <\/p>\n<h2>Normas de uso<\/h2>\n<p>Queremos que nuestro Sitio web sea un lugar agradable para todos. Por lo tanto, al navegar por \u00e9l, os compromet\u00e9is a utilizarlo de conformidad con la ley, los buenos modales y las presentes Condiciones. Asimismo, garantiz\u00e1is hacer un uso adecuado del contenido del Sitio web y no emplearlo para llevar a cabo actividades il\u00edcitas o constitutivas de delito, que atenten contra los derechos de terceros o que infrinjan la regulaci\u00f3n sobre propiedad intelectual e industrial, o cualesquiera otras normas del ordenamiento jur\u00eddico aplicable.  <\/p>\n<p>La informaci\u00f3n que proporciona el Sitio Web se utilizar\u00e1 \u00fanicamente para los servicios que ofrece Starp Estudi.<\/p>\n<p>El usuario se obliga a utilizar la informaci\u00f3n contenida en el presente Sitio Web para sus propias necesidades exclusivamente ya no realizar directa o indirectamente ning\u00fan tipo de explotaci\u00f3n comercial de los contenidos y servicios a los que tiene acceso.<\/p>\n<p>Como usuario del Sitio Web, reconoce y acepta que es el \u00fanico responsable de su uso, y de los servicios y contenidos accesibles a trav\u00e9s del Sitio Web.<\/p>\n<p>Por eso, entre otras actividades, el usuario se compromete a:<\/p>\n<ol>\n<li>No introducir o difundir contenidos de car\u00e1cter racista, xen\u00f3fobo, pornogr\u00e1fico, de apolog\u00eda del terrorismo o que atenten contra los derechos humanos.<\/li>\n<li>No introducir o difundir en la red programas de datos (virus y software da\u00f1ino) susceptibles de provocar da\u00f1os en los sistemas inform\u00e1ticos del proveedor de acceso, sus proveedores o terceros usuarios de la red de internet.<\/li>\n<li>No difundir, transmitir o poner a disposici\u00f3n de terceros cualquier tipo de informaci\u00f3n, elemento o contenido que atente contra los derechos fundamentales y libertades p\u00fablicas reconocidos constitucionalmente y en los tratados internacionales.<\/li>\n<li>No difundir, transmitir o poner a disposici\u00f3n de terceros cualquier tipo de informaci\u00f3n, elemento o contenido que constituya publicidad il\u00edcita o desleal.<\/li>\n<li>No introducir o difundir cualquier informaci\u00f3n y contenidos falsos, ambiguos o inexactos de forma que induzca a error.<\/li>\n<\/ol>\n<p>El usuario ser\u00e1 el \u00fanico responsable de los da\u00f1os o perjuicios que se produzcan a consecuencia de un incumplimiento por su parte.<\/p>\n<h2>Enlaces<\/h2>\n<p>Si desea enlazar el Sitio web a cualquier web, foro, chat, plataforma o red social, tiene la obligaci\u00f3n de indicar que no cuenta con nuestra supervisi\u00f3n o autorizaci\u00f3n. En ning\u00fan supuesto se permite enlazar el Sitio web desde webs, plataformas, foros, chats, blogs o redes sociales contrarias a la ley oa las buenas costumbres, en concreto desde aqu\u00e9llas con contenidos pornogr\u00e1ficos o que atenten contra los derechos humanos. <\/p>\n<p>Es importante aclarar que ning\u00fan link supone un v\u00ednculo entre Starp Estudi y el sitio web del sitio web, por lo que no somos responsables de los datos o contenidos que proporcionen.<\/p>\n<p>El sitio web incluye enlaces a otros sitios web de terceros; Starp Estudi no se hace responsable de las variaciones en la informaci\u00f3n proporcionada en el contenido general de estos sitios web.<\/p>\n<h2>Tiene presencia en otras plataformas y redes sociales<\/h2>\n<p>Como podr\u00e9is comprobar en nuestro sitio web, Starp Estudi utiliza plataformas sociales (Facebook, Instagram, Twitter, YouTube). Por favor, tened en cuenta al acceder a cualquiera de estas redes o plataformas que las condiciones de uso aplicables son las que cada plataforma tiene establecidas, sobre las cuales no tenemos ning\u00fan tipo de control. <\/p>\n<h2>Propiedad intelectual i industrial<\/h2>\n<p>El Sitio web y todos sus contenidos (entre los que se encuentran, a t\u00edtulo enunciativo y no limitativo, las marcas, logotipos, textos, fotograf\u00edas, iconos, im\u00e1genes, gr\u00e1ficos, tecnolog\u00eda, enlaces, contenidos audiovisuales o sonoros, etc., as\u00ed como el dise\u00f1o gr\u00e1fico, el c\u00f3digo fuente y otros elementos de software contenidos en el presente Sitio web), son propiedad de Starp Estudi, han sido debidamente licenciados a su favor y est\u00e1n sujetos a derechos de propiedad intelectual e industrial, protegidos por la legislaci\u00f3n espa\u00f1ola. Por ello, si quer\u00e9is llevar a cabo actos de explotaci\u00f3n del Sitio web o de sus contenidos (reproducirlos, transformarlos, comunicarlos, etc., m\u00e1s all\u00e1 de las actividades autorizadas por la Ley de propiedad intelectual) necesit\u00e1is obtener previamente nuestro consentimiento por escrito (los datos de contacto est\u00e1n en el encabezado del presente Aviso legal), con independencia de la finalidad. Asimismo, queda prohibido eliminar los datos identificativos de Starp Estudi, como titular de los derechos de propiedad intelectual e industrial del Sitio web o sus contenidos.  <\/p>\n<p>Finalmente, acept\u00e1is conceder una licencia de uso gratuita, sin limitaci\u00f3n territorial y por la m\u00e1xima extensi\u00f3n temporal permitida por la Ley, sobre los contenidos que sub\u00e1is al Sitio web por cualquier medio o canal.<\/p>\n<p>La responsabilidad derivada del uso sin autorizaci\u00f3n de materiales protegidos por los derechos de propiedad intelectual e industrial contenidos en esta p\u00e1gina corresponder\u00e1 exclusivamente al usuario.<\/p>\n<p>El hecho de que no os solicitemos que ces\u00e9is de llevar a cabo un uso il\u00edcito o contrario a las presentes condiciones de los Contenidos no puede entenderse en ning\u00fan caso como un consentimiento o autorizaci\u00f3n para dicho uso. Tampoco constituye una renuncia al ejercicio de las acciones legales que puedan corresponderse. <\/p>\n<h2>Responsabilidades por el funcionamiento de la web<\/h2>\n<p>Es importante que recuerdes tener disponibles las herramientas para la detecci\u00f3n y desinfecci\u00f3n de programas inform\u00e1ticos nocivos. Aunque Starp Estudi se esfuerza por mantener el Sitio web libre de virus, gusanos o cualquier otro elemento inform\u00e1tico nocivo, no podemos garantizar su ausencia completa. <\/p>\n<p>Adem\u00e1s, Starp Estudi no se responsabiliza de los da\u00f1os producidos en el software y equipos inform\u00e1ticos de los usuarios durante la utilizaci\u00f3n de los servicios ofrecidos en el Sitio web, ni de los da\u00f1os o perjuicios de cualquier tipo que le sean causados que provengan de fallas o desconexiones en las redes de telecomunicaciones que produzcan la suspensi\u00f3n, cancelaci\u00f3n o interrupci\u00f3n del servicio.<\/p>\n<h2>S\u00ed, cumplo con la legalidad en materia de responsabilidades<\/h2>\n<p>Starp Estudi vetlla per l\u2019exactitud de les dades publicades en el Lloc web. Si us plau, si hi detecteu algun error, poseu-vos en contacte amb nosaltres a l\u2019adre\u00e7a de correu electr\u00f2nic <a class=\"black font3\" href=\"mailto:info@starpestudi.com\">info@starpestudi.com<\/a> <\/p>\n<p>No obstante, y a pesar de nuestros esfuerzos, internet no es un medio inexpugnable, por lo que no podemos garantizar que los contenidos y la informaci\u00f3n se muestren siempre actualizados en su \u00faltima versi\u00f3n. Siempre que sea posible, te informaremos de cualquier interrupci\u00f3n que afecte la informaci\u00f3n mostrada en el Sitio web. Adem\u00e1s, Starp Estudi no ser\u00e1 responsable de los errores en el acceso a diferentes p\u00e1ginas del Sitio web, cuando estos sean causados por motivos que est\u00e9n fuera de nuestro control.  <\/p>\n<p>Starp Estudi no se har\u00e1 responsable del mal uso que los usuarios del Sitio web puedan hacer del mismo o de sus contenidos, ni de los usos que sean contrarios a la buena fe, a la legalidad o al presente Aviso legal. Asimismo, Starp Estudi declina cualquier responsabilidad derivada de la infracci\u00f3n de derechos de propiedad intelectual de cualquier clase por parte de los usuarios. <\/p>\n<p>Tampoco podemos controlar ni gestionar la integridad, el funcionamiento y la veracidad de los enlaces que puedan aparecer en el Sitio web hacia lugares de internet que no son de nuestra titularidad. Por lo tanto, declinamos cualquier responsabilidad al respecto. <\/p>\n<h2>Duraci\u00f3n de las condiciones de uso<\/h2>\n<p>Para adaptar el texto legal a la realidad del Sitio web, nos reservamos el derecho de modificarlo o actualizarlo en cualquier momento, por lo que te recomendamos consultarlo con frecuencia.<\/p>\n<p>Si alguna cl\u00e1usula incluida en el presente Aviso legal fuera declarada total o parcialmente nula o ineficaz, dicha nulidad o ineficacia afectar\u00e1 solo a esa cl\u00e1usula o a la parte de la misma que sea nula o ineficaz, y el presente Aviso Legal subsistir\u00e1 en todo lo dem\u00e1s.<\/p>\n<h2>Os animamos a comunicar cualquier comentario o duda que teng\u00e1is.<\/h2>\n<p>Ponemos a tu disposici\u00f3n el correo electr\u00f3nico <a class=\"black font3\" href=\"mailto:info@starpestudi.com\"> info@starpestudi.com<\/a> para que lo utilices siempre que tengas alguna duda, consulta o comentario, tanto sobre el contenido de la web como en relaci\u00f3n con sus t\u00e9rminos legales.<\/p>\n<p>Igualmente, si detectas alg\u00fan error en la informaci\u00f3n ofrecida o en la configuraci\u00f3n, actualizaci\u00f3n y contenido del Sitio web, te agradecer\u00edamos que lo pongas en conocimiento de Starp Estudi en la direcci\u00f3n anteriormente mencionada.<\/p>\n<h2>Normativa aplicable y jurisdicci\u00f3n<\/h2>\n<p>Les presents Condicions es regiran i s\u2019interpretaran d\u2019acord amb la legislaci\u00f3 espanyola, igual que la resoluci\u00f3 de qualsevol controv\u00e8rsia o diverg\u00e8ncia relacionada amb el present Lloc web. L\u2019\u00fas dels serveis del present Lloc web suposa l\u2019acceptaci\u00f3 expressa de la jurisdicci\u00f3 espanyola. <\/p>\n<p>Igualmente, las partes acuerdan que cualquier litigio, discrepancia, cuesti\u00f3n o reclamaci\u00f3n resultante de la ejecuci\u00f3n e interpretaci\u00f3n de las presentes condiciones o relacionadas con ellas, o de otros textos que puedan haber en el presente Sitio web, se resolver\u00e1 en los Juzgados y Tribunales de Barcelona con renuncia expresa a cualquier otro derecho o demarcaci\u00f3n jurisdiccional que pueda ser competente (salvo que exista un conflicto protegido por Ley, y en ese caso ser\u00eda de aplicaci\u00f3n preferente el lugar designado en la legislaci\u00f3n aplicable).<\/p>\n\t\t\t\t\t\t\t\t<\/div>\n\t\t\t\t<\/div>\n\t\t\t\t<\/div>\n\t\t\t\t<\/div>\n\t\t\t\t<\/div>\n\t\t","protected":false},"excerpt":{"rendered":"<p>\u00cdndice de contenidos El contenido web que ofrece Starp Estudi a trav\u00e9s de la p\u00e1gina web https:\/\/starpestudi.com (de ahora en adelante, el Sitio web). Te invitamos a leerlas atentamente y a consultarlas siempre que quieras. Puedes contactarnos en la direcci\u00f3n de correo electr\u00f3nico info@starpestudi.com. Estaremos encantados de atenderte. \u00bfQui\u00e9nes somos? La p\u00e1gina web https:\/\/starpestudi.com (en [&hellip;]<\/p>\n","protected":false},"author":1,"featured_media":0,"parent":0,"menu_order":0,"comment_status":"closed","ping_status":"closed","template":"","meta":{"footnotes":""},"class_list":["post-911","page","type-page","status-publish","hentry"],"yoast_head":"<!-- This site is optimized with the Yoast SEO plugin v26.7 - https:\/\/yoast.com\/wordpress\/plugins\/seo\/ -->\n<title>Aviso Legal - Starp Estudi<\/title>\n<meta name=\"robots\" content=\"index, follow, max-snippet:-1, max-image-preview:large, max-video-preview:-1\" \/>\n<link rel=\"canonical\" href=\"https:\/\/www.starpestudi.com\/es\/aviso-legal\/\" \/>\n<meta property=\"og:locale\" content=\"es_ES\" \/>\n<meta property=\"og:type\" content=\"article\" \/>\n<meta property=\"og:title\" content=\"Aviso Legal - Starp Estudi\" \/>\n<meta property=\"og:description\" content=\"\u00cdndice de contenidos El contenido web que ofrece Starp Estudi a trav\u00e9s de la p\u00e1gina web https:\/\/starpestudi.com (de ahora en adelante, el Sitio web). Te invitamos a leerlas atentamente y a consultarlas siempre que quieras. Puedes contactarnos en la direcci\u00f3n de correo electr\u00f3nico info@starpestudi.com. Estaremos encantados de atenderte. \u00bfQui\u00e9nes somos? La p\u00e1gina web https:\/\/starpestudi.com (en [&hellip;]\" \/>\n<meta property=\"og:url\" content=\"https:\/\/www.starpestudi.com\/es\/aviso-legal\/\" \/>\n<meta property=\"og:site_name\" content=\"Starp Estudi\" \/>\n<meta property=\"article:modified_time\" content=\"2024-04-30T13:00:51+00:00\" \/>\n<meta name=\"twitter:card\" content=\"summary_large_image\" \/>\n<meta name=\"twitter:label1\" content=\"Tiempo de lectura\" \/>\n\t<meta name=\"twitter:data1\" content=\"10 minutos\" \/>\n<script type=\"application\/ld+json\" class=\"yoast-schema-graph\">{\"@context\":\"https:\/\/schema.org\",\"@graph\":[{\"@type\":\"WebPage\",\"@id\":\"https:\/\/www.starpestudi.com\/es\/aviso-legal\/\",\"url\":\"https:\/\/www.starpestudi.com\/es\/aviso-legal\/\",\"name\":\"Aviso Legal - Starp Estudi\",\"isPartOf\":{\"@id\":\"https:\/\/www.starpestudi.com\/es\/#website\"},\"datePublished\":\"2024-02-07T07:27:22+00:00\",\"dateModified\":\"2024-04-30T13:00:51+00:00\",\"breadcrumb\":{\"@id\":\"https:\/\/www.starpestudi.com\/es\/aviso-legal\/#breadcrumb\"},\"inLanguage\":\"es\",\"potentialAction\":[{\"@type\":\"ReadAction\",\"target\":[\"https:\/\/www.starpestudi.com\/es\/aviso-legal\/\"]}]},{\"@type\":\"BreadcrumbList\",\"@id\":\"https:\/\/www.starpestudi.com\/es\/aviso-legal\/#breadcrumb\",\"itemListElement\":[{\"@type\":\"ListItem\",\"position\":1,\"name\":\"Home\",\"item\":\"https:\/\/www.starpestudi.com\/es\/home\/\"},{\"@type\":\"ListItem\",\"position\":2,\"name\":\"Aviso Legal\"}]},{\"@type\":\"WebSite\",\"@id\":\"https:\/\/www.starpestudi.com\/es\/#website\",\"url\":\"https:\/\/www.starpestudi.com\/es\/\",\"name\":\"Starp Estudi\",\"description\":\"Estudi fotogr\u00e0fic\",\"publisher\":{\"@id\":\"https:\/\/www.starpestudi.com\/es\/#organization\"},\"potentialAction\":[{\"@type\":\"SearchAction\",\"target\":{\"@type\":\"EntryPoint\",\"urlTemplate\":\"https:\/\/www.starpestudi.com\/es\/?s={search_term_string}\"},\"query-input\":{\"@type\":\"PropertyValueSpecification\",\"valueRequired\":true,\"valueName\":\"search_term_string\"}}],\"inLanguage\":\"es\"},{\"@type\":\"Organization\",\"@id\":\"https:\/\/www.starpestudi.com\/es\/#organization\",\"name\":\"Starp Estudi\",\"url\":\"https:\/\/www.starpestudi.com\/es\/\",\"logo\":{\"@type\":\"ImageObject\",\"inLanguage\":\"es\",\"@id\":\"https:\/\/www.starpestudi.com\/es\/#\/schema\/logo\/image\/\",\"url\":\"https:\/\/www.starpestudi.com\/wp-content\/uploads\/2024\/02\/logo-starpestudi.svg\",\"contentUrl\":\"https:\/\/www.starpestudi.com\/wp-content\/uploads\/2024\/02\/logo-starpestudi.svg\",\"caption\":\"Starp Estudi\"},\"image\":{\"@id\":\"https:\/\/www.starpestudi.com\/es\/#\/schema\/logo\/image\/\"}}]}<\/script>\n<!-- \/ Yoast SEO plugin. -->","yoast_head_json":{"title":"Aviso Legal - Starp Estudi","robots":{"index":"index","follow":"follow","max-snippet":"max-snippet:-1","max-image-preview":"max-image-preview:large","max-video-preview":"max-video-preview:-1"},"canonical":"https:\/\/www.starpestudi.com\/es\/aviso-legal\/","og_locale":"es_ES","og_type":"article","og_title":"Aviso Legal - Starp Estudi","og_description":"\u00cdndice de contenidos El contenido web que ofrece Starp Estudi a trav\u00e9s de la p\u00e1gina web https:\/\/starpestudi.com (de ahora en adelante, el Sitio web). Te invitamos a leerlas atentamente y a consultarlas siempre que quieras. Puedes contactarnos en la direcci\u00f3n de correo electr\u00f3nico info@starpestudi.com. Estaremos encantados de atenderte. \u00bfQui\u00e9nes somos? La p\u00e1gina web https:\/\/starpestudi.com (en [&hellip;]","og_url":"https:\/\/www.starpestudi.com\/es\/aviso-legal\/","og_site_name":"Starp Estudi","article_modified_time":"2024-04-30T13:00:51+00:00","twitter_card":"summary_large_image","twitter_misc":{"Tiempo de lectura":"10 minutos"},"schema":{"@context":"https:\/\/schema.org","@graph":[{"@type":"WebPage","@id":"https:\/\/www.starpestudi.com\/es\/aviso-legal\/","url":"https:\/\/www.starpestudi.com\/es\/aviso-legal\/","name":"Aviso Legal - Starp Estudi","isPartOf":{"@id":"https:\/\/www.starpestudi.com\/es\/#website"},"datePublished":"2024-02-07T07:27:22+00:00","dateModified":"2024-04-30T13:00:51+00:00","breadcrumb":{"@id":"https:\/\/www.starpestudi.com\/es\/aviso-legal\/#breadcrumb"},"inLanguage":"es","potentialAction":[{"@type":"ReadAction","target":["https:\/\/www.starpestudi.com\/es\/aviso-legal\/"]}]},{"@type":"BreadcrumbList","@id":"https:\/\/www.starpestudi.com\/es\/aviso-legal\/#breadcrumb","itemListElement":[{"@type":"ListItem","position":1,"name":"Home","item":"https:\/\/www.starpestudi.com\/es\/home\/"},{"@type":"ListItem","position":2,"name":"Aviso Legal"}]},{"@type":"WebSite","@id":"https:\/\/www.starpestudi.com\/es\/#website","url":"https:\/\/www.starpestudi.com\/es\/","name":"Starp Estudi","description":"Estudi fotogr\u00e0fic","publisher":{"@id":"https:\/\/www.starpestudi.com\/es\/#organization"},"potentialAction":[{"@type":"SearchAction","target":{"@type":"EntryPoint","urlTemplate":"https:\/\/www.starpestudi.com\/es\/?s={search_term_string}"},"query-input":{"@type":"PropertyValueSpecification","valueRequired":true,"valueName":"search_term_string"}}],"inLanguage":"es"},{"@type":"Organization","@id":"https:\/\/www.starpestudi.com\/es\/#organization","name":"Starp Estudi","url":"https:\/\/www.starpestudi.com\/es\/","logo":{"@type":"ImageObject","inLanguage":"es","@id":"https:\/\/www.starpestudi.com\/es\/#\/schema\/logo\/image\/","url":"https:\/\/www.starpestudi.com\/wp-content\/uploads\/2024\/02\/logo-starpestudi.svg","contentUrl":"https:\/\/www.starpestudi.com\/wp-content\/uploads\/2024\/02\/logo-starpestudi.svg","caption":"Starp Estudi"},"image":{"@id":"https:\/\/www.starpestudi.com\/es\/#\/schema\/logo\/image\/"}}]}},"_links":{"self":[{"href":"https:\/\/www.starpestudi.com\/es\/wp-json\/wp\/v2\/pages\/911","targetHints":{"allow":["GET"]}}],"collection":[{"href":"https:\/\/www.starpestudi.com\/es\/wp-json\/wp\/v2\/pages"}],"about":[{"href":"https:\/\/www.starpestudi.com\/es\/wp-json\/wp\/v2\/types\/page"}],"author":[{"embeddable":true,"href":"https:\/\/www.starpestudi.com\/es\/wp-json\/wp\/v2\/users\/1"}],"replies":[{"embeddable":true,"href":"https:\/\/www.starpestudi.com\/es\/wp-json\/wp\/v2\/comments?post=911"}],"version-history":[{"count":1,"href":"https:\/\/www.starpestudi.com\/es\/wp-json\/wp\/v2\/pages\/911\/revisions"}],"predecessor-version":[{"id":912,"href":"https:\/\/www.starpestudi.com\/es\/wp-json\/wp\/v2\/pages\/911\/revisions\/912"}],"wp:attachment":[{"href":"https:\/\/www.starpestudi.com\/es\/wp-json\/wp\/v2\/media?parent=911"}],"curies":[{"name":"wp","href":"https:\/\/api.w.org\/{rel}","templated":true}]}}