{"id":833,"date":"2024-02-06T10:11:19","date_gmt":"2024-02-06T09:11:19","guid":{"rendered":"https:\/\/www.starpestudi.com\/home\/"},"modified":"2024-05-28T13:38:44","modified_gmt":"2024-05-28T11:38:44","slug":"home","status":"publish","type":"page","link":"https:\/\/www.starpestudi.com\/es\/","title":{"rendered":"Home"},"content":{"rendered":"\t\t<div data-elementor-type=\"wp-page\" data-elementor-id=\"833\" class=\"elementor elementor-833 elementor-9\" data-elementor-post-type=\"page\">\n\t\t\t\t<div class=\"elementor-element elementor-element-29ac694 e-con-full container e-flex e-con e-parent\" data-id=\"29ac694\" data-element_type=\"container\">\n\t\t<div class=\"elementor-element elementor-element-392ac22 e-con-full panel e-flex e-con e-child\" data-id=\"392ac22\" data-element_type=\"container\">\n\t\t\t\t<div class=\"elementor-element elementor-element-f6d1f3c elementor-flip-box--effect-fade elementor-widget elementor-widget-flip-box\" data-id=\"f6d1f3c\" data-element_type=\"widget\" data-widget_type=\"flip-box.default\">\n\t\t\t\t<div class=\"elementor-widget-container\">\n\t\t\t\t\t\t\t<div class=\"elementor-flip-box\" tabindex=\"0\">\n\t\t\t<div class=\"elementor-flip-box__layer elementor-flip-box__front\">\n\t\t\t\t<div class=\"elementor-flip-box__layer__overlay\">\n\t\t\t\t\t<div class=\"elementor-flip-box__layer__inner\">\n\t\t\t\t\t\t\n\t\t\t\t\t\t\n\t\t\t\t\t\t\t\t\t\t\t<\/div>\n\t\t\t\t<\/div>\n\t\t\t<\/div>\n\t\t\t<a class=\"elementor-flip-box__layer elementor-flip-box__back\" href=\"https:\/\/www.starpestudi.com\/fotografia\/el-torrent\/\">\n\t\t\t<div class=\"elementor-flip-box__layer__overlay\">\n\t\t\t\t<div class=\"elementor-flip-box__layer__inner\">\n\t\t\t\t\t\t\t\t\t\t\t<h3 class=\"elementor-flip-box__layer__title\">\n\t\t\t\t\t\t\tEl Torrent\t\t\t\t\t\t<\/h3>\n\t\t\t\t\t\n\t\t\t\t\t\n\t\t\t\t\t\t\t\t<\/div>\n\t\t<\/div>\n\t\t<\/a>\n\t\t<\/div>\n\t\t\t\t\t\t<\/div>\n\t\t\t\t<\/div>\n\t\t\t\t<\/div>\n\t\t<div class=\"elementor-element elementor-element-e8f70ba e-con-full panel e-flex e-con e-child\" data-id=\"e8f70ba\" data-element_type=\"container\" data-settings=\"{&quot;background_background&quot;:&quot;gradient&quot;}\">\n\t\t\t\t<div class=\"elementor-element elementor-element-408e7ad elementor-flip-box--effect-fade elementor-widget elementor-widget-flip-box\" data-id=\"408e7ad\" data-element_type=\"widget\" data-widget_type=\"flip-box.default\">\n\t\t\t\t<div class=\"elementor-widget-container\">\n\t\t\t\t\t\t\t<div class=\"elementor-flip-box\" tabindex=\"0\">\n\t\t\t<div class=\"elementor-flip-box__layer elementor-flip-box__front\">\n\t\t\t\t<div class=\"elementor-flip-box__layer__overlay\">\n\t\t\t\t\t<div class=\"elementor-flip-box__layer__inner\">\n\t\t\t\t\t\t\n\t\t\t\t\t\t\n\t\t\t\t\t\t\t\t\t\t\t<\/div>\n\t\t\t\t<\/div>\n\t\t\t<\/div>\n\t\t\t<a class=\"elementor-flip-box__layer elementor-flip-box__back\" href=\"https:\/\/www.starpestudi.com\/fotografia\/ona-carbonell-i-gemma-mengual\/\">\n\t\t\t<div class=\"elementor-flip-box__layer__overlay\">\n\t\t\t\t<div class=\"elementor-flip-box__layer__inner\">\n\t\t\t\t\t\t\t\t\t\t\t<h3 class=\"elementor-flip-box__layer__title\">\n\t\t\t\t\t\t\tOna Carbonell i Gemma Mengual\t\t\t\t\t\t<\/h3>\n\t\t\t\t\t\n\t\t\t\t\t\n\t\t\t\t\t\t\t\t<\/div>\n\t\t<\/div>\n\t\t<\/a>\n\t\t<\/div>\n\t\t\t\t\t\t<\/div>\n\t\t\t\t<\/div>\n\t\t\t\t<\/div>\n\t\t<div class=\"elementor-element elementor-element-fe228fd e-con-full panel e-flex e-con e-child\" data-id=\"fe228fd\" data-element_type=\"container\">\n\t\t\t\t<div class=\"elementor-element elementor-element-a632937 elementor-flip-box--effect-fade elementor-widget elementor-widget-flip-box\" data-id=\"a632937\" data-element_type=\"widget\" data-widget_type=\"flip-box.default\">\n\t\t\t\t<div class=\"elementor-widget-container\">\n\t\t\t\t\t\t\t<div class=\"elementor-flip-box\" tabindex=\"0\">\n\t\t\t<div class=\"elementor-flip-box__layer elementor-flip-box__front\">\n\t\t\t\t<div class=\"elementor-flip-box__layer__overlay\">\n\t\t\t\t\t<div class=\"elementor-flip-box__layer__inner\">\n\t\t\t\t\t\t\n\t\t\t\t\t\t\n\t\t\t\t\t\t\t\t\t\t\t<\/div>\n\t\t\t\t<\/div>\n\t\t\t<\/div>\n\t\t\t<a class=\"elementor-flip-box__layer elementor-flip-box__back\" href=\"https:\/\/www.starpestudi.com\/fotografia\/bernadi\/\">\n\t\t\t<div class=\"elementor-flip-box__layer__overlay\">\n\t\t\t\t<div class=\"elementor-flip-box__layer__inner\">\n\t\t\t\t\t\t\t\t\t\t\t<h3 class=\"elementor-flip-box__layer__title\">\n\t\t\t\t\t\t\tBernadi\t\t\t\t\t\t<\/h3>\n\t\t\t\t\t\n\t\t\t\t\t\n\t\t\t\t\t\t\t\t<\/div>\n\t\t<\/div>\n\t\t<\/a>\n\t\t<\/div>\n\t\t\t\t\t\t<\/div>\n\t\t\t\t<\/div>\n\t\t\t\t<\/div>\n\t\t\t\t<\/div>\n\t\t<div class=\"elementor-element elementor-element-9456ad6 e-con-full e-flex e-con e-parent\" data-id=\"9456ad6\" data-element_type=\"container\">\n\t\t<div class=\"elementor-element elementor-element-b645596 e-con-full e-flex e-con e-child\" data-id=\"b645596\" data-element_type=\"container\">\n\t\t\t\t<div class=\"elementor-element elementor-element-7114a64 elementor-widget elementor-widget-heading\" data-id=\"7114a64\" data-element_type=\"widget\" data-widget_type=\"heading.default\">\n\t\t\t\t<div class=\"elementor-widget-container\">\n\t\t\t\t\t<h1 class=\"elementor-heading-title elementor-size-default\">Starp Estudi. Servicios fotogr\u00e1ficos<\/h1>\t\t\t\t<\/div>\n\t\t\t\t<\/div>\n\t\t\t\t<div class=\"elementor-element elementor-element-53425b8 elementor-widget elementor-widget-text-editor\" data-id=\"53425b8\" data-element_type=\"widget\" data-widget_type=\"text-editor.default\">\n\t\t\t\t<div class=\"elementor-widget-container\">\n\t\t\t\t\t\t\t\t\t<p>Pues eso, que hacemos fotos.<\/p>\n<p>Que hacemos fotos chulas de cosas, de casas, de personas, de m\u00e1quinas dif\u00edciles de fotografiar, y que adem\u00e1s nos encanta, que nos lo pasamos bien, disparando, organizando, dirigiendo, creando.<\/p>\n<p>S\u00f3lo hacemos fotos y lo clavamos.<\/p>\n<p>Va, mira las fotos y\u2026 Flipa.<\/p>\n\t\t\t\t\t\t\t\t<\/div>\n\t\t\t\t<\/div>\n\t\t\t\t<\/div>\n\t\t\t\t<\/div>\n\t\t\t\t<\/div>\n\t\t","protected":false},"excerpt":{"rendered":"<p>Starp Estudi. Servicios fotogr\u00e1ficos Pues eso, que hacemos fotos. Que hacemos fotos chulas de cosas, de casas, de personas, de m\u00e1quinas dif\u00edciles de fotografiar, y que adem\u00e1s nos encanta, que nos lo pasamos bien, disparando, organizando, dirigiendo, creando. S\u00f3lo hacemos fotos y lo clavamos. Va, mira las fotos y\u2026 Flipa.<\/p>\n","protected":false},"author":1,"featured_media":0,"parent":0,"menu_order":0,"comment_status":"closed","ping_status":"closed","template":"","meta":{"footnotes":""},"class_list":["post-833","page","type-page","status-publish","hentry"],"yoast_head":"<!-- This site is optimized with the Yoast SEO plugin v26.7 - https:\/\/yoast.com\/wordpress\/plugins\/seo\/ -->\n<title>Home - Starp Estudi<\/title>\n<meta name=\"robots\" content=\"index, follow, max-snippet:-1, max-image-preview:large, max-video-preview:-1\" \/>\n<link rel=\"canonical\" href=\"https:\/\/www.starpestudi.com\/es\/\" \/>\n<meta property=\"og:locale\" content=\"es_ES\" \/>\n<meta property=\"og:type\" content=\"article\" \/>\n<meta property=\"og:title\" content=\"Home - Starp Estudi\" \/>\n<meta property=\"og:description\" content=\"Starp Estudi. Servicios fotogr\u00e1ficos Pues eso, que hacemos fotos. Que hacemos fotos chulas de cosas, de casas, de personas, de m\u00e1quinas dif\u00edciles de fotografiar, y que adem\u00e1s nos encanta, que nos lo pasamos bien, disparando, organizando, dirigiendo, creando. S\u00f3lo hacemos fotos y lo clavamos. Va, mira las fotos y\u2026 Flipa.\" \/>\n<meta property=\"og:url\" content=\"https:\/\/www.starpestudi.com\/es\/\" \/>\n<meta property=\"og:site_name\" content=\"Starp Estudi\" \/>\n<meta property=\"article:modified_time\" content=\"2024-05-28T11:38:44+00:00\" \/>\n<meta name=\"twitter:card\" content=\"summary_large_image\" \/>\n<script type=\"application\/ld+json\" class=\"yoast-schema-graph\">{\"@context\":\"https:\/\/schema.org\",\"@graph\":[{\"@type\":\"WebPage\",\"@id\":\"https:\/\/www.starpestudi.com\/es\/\",\"url\":\"https:\/\/www.starpestudi.com\/es\/\",\"name\":\"Home - Starp Estudi\",\"isPartOf\":{\"@id\":\"https:\/\/www.starpestudi.com\/es\/#website\"},\"datePublished\":\"2024-02-06T09:11:19+00:00\",\"dateModified\":\"2024-05-28T11:38:44+00:00\",\"breadcrumb\":{\"@id\":\"https:\/\/www.starpestudi.com\/es\/#breadcrumb\"},\"inLanguage\":\"es\",\"potentialAction\":[{\"@type\":\"ReadAction\",\"target\":[\"https:\/\/www.starpestudi.com\/es\/\"]}]},{\"@type\":\"BreadcrumbList\",\"@id\":\"https:\/\/www.starpestudi.com\/es\/#breadcrumb\",\"itemListElement\":[{\"@type\":\"ListItem\",\"position\":1,\"name\":\"Home\",\"item\":\"https:\/\/www.starpestudi.com\/es\/home\/\"},{\"@type\":\"ListItem\",\"position\":2,\"name\":\"Home\"}]},{\"@type\":\"WebSite\",\"@id\":\"https:\/\/www.starpestudi.com\/es\/#website\",\"url\":\"https:\/\/www.starpestudi.com\/es\/\",\"name\":\"Starp Estudi\",\"description\":\"Estudi fotogr\u00e0fic\",\"publisher\":{\"@id\":\"https:\/\/www.starpestudi.com\/es\/#organization\"},\"potentialAction\":[{\"@type\":\"SearchAction\",\"target\":{\"@type\":\"EntryPoint\",\"urlTemplate\":\"https:\/\/www.starpestudi.com\/es\/?s={search_term_string}\"},\"query-input\":{\"@type\":\"PropertyValueSpecification\",\"valueRequired\":true,\"valueName\":\"search_term_string\"}}],\"inLanguage\":\"es\"},{\"@type\":\"Organization\",\"@id\":\"https:\/\/www.starpestudi.com\/es\/#organization\",\"name\":\"Starp Estudi\",\"url\":\"https:\/\/www.starpestudi.com\/es\/\",\"logo\":{\"@type\":\"ImageObject\",\"inLanguage\":\"es\",\"@id\":\"https:\/\/www.starpestudi.com\/es\/#\/schema\/logo\/image\/\",\"url\":\"https:\/\/www.starpestudi.com\/wp-content\/uploads\/2024\/02\/logo-starpestudi.svg\",\"contentUrl\":\"https:\/\/www.starpestudi.com\/wp-content\/uploads\/2024\/02\/logo-starpestudi.svg\",\"caption\":\"Starp Estudi\"},\"image\":{\"@id\":\"https:\/\/www.starpestudi.com\/es\/#\/schema\/logo\/image\/\"}}]}<\/script>\n<!-- \/ Yoast SEO plugin. -->","yoast_head_json":{"title":"Home - Starp Estudi","robots":{"index":"index","follow":"follow","max-snippet":"max-snippet:-1","max-image-preview":"max-image-preview:large","max-video-preview":"max-video-preview:-1"},"canonical":"https:\/\/www.starpestudi.com\/es\/","og_locale":"es_ES","og_type":"article","og_title":"Home - Starp Estudi","og_description":"Starp Estudi. Servicios fotogr\u00e1ficos Pues eso, que hacemos fotos. Que hacemos fotos chulas de cosas, de casas, de personas, de m\u00e1quinas dif\u00edciles de fotografiar, y que adem\u00e1s nos encanta, que nos lo pasamos bien, disparando, organizando, dirigiendo, creando. S\u00f3lo hacemos fotos y lo clavamos. Va, mira las fotos y\u2026 Flipa.","og_url":"https:\/\/www.starpestudi.com\/es\/","og_site_name":"Starp Estudi","article_modified_time":"2024-05-28T11:38:44+00:00","twitter_card":"summary_large_image","schema":{"@context":"https:\/\/schema.org","@graph":[{"@type":"WebPage","@id":"https:\/\/www.starpestudi.com\/es\/","url":"https:\/\/www.starpestudi.com\/es\/","name":"Home - Starp Estudi","isPartOf":{"@id":"https:\/\/www.starpestudi.com\/es\/#website"},"datePublished":"2024-02-06T09:11:19+00:00","dateModified":"2024-05-28T11:38:44+00:00","breadcrumb":{"@id":"https:\/\/www.starpestudi.com\/es\/#breadcrumb"},"inLanguage":"es","potentialAction":[{"@type":"ReadAction","target":["https:\/\/www.starpestudi.com\/es\/"]}]},{"@type":"BreadcrumbList","@id":"https:\/\/www.starpestudi.com\/es\/#breadcrumb","itemListElement":[{"@type":"ListItem","position":1,"name":"Home","item":"https:\/\/www.starpestudi.com\/es\/home\/"},{"@type":"ListItem","position":2,"name":"Home"}]},{"@type":"WebSite","@id":"https:\/\/www.starpestudi.com\/es\/#website","url":"https:\/\/www.starpestudi.com\/es\/","name":"Starp Estudi","description":"Estudi fotogr\u00e0fic","publisher":{"@id":"https:\/\/www.starpestudi.com\/es\/#organization"},"potentialAction":[{"@type":"SearchAction","target":{"@type":"EntryPoint","urlTemplate":"https:\/\/www.starpestudi.com\/es\/?s={search_term_string}"},"query-input":{"@type":"PropertyValueSpecification","valueRequired":true,"valueName":"search_term_string"}}],"inLanguage":"es"},{"@type":"Organization","@id":"https:\/\/www.starpestudi.com\/es\/#organization","name":"Starp Estudi","url":"https:\/\/www.starpestudi.com\/es\/","logo":{"@type":"ImageObject","inLanguage":"es","@id":"https:\/\/www.starpestudi.com\/es\/#\/schema\/logo\/image\/","url":"https:\/\/www.starpestudi.com\/wp-content\/uploads\/2024\/02\/logo-starpestudi.svg","contentUrl":"https:\/\/www.starpestudi.com\/wp-content\/uploads\/2024\/02\/logo-starpestudi.svg","caption":"Starp Estudi"},"image":{"@id":"https:\/\/www.starpestudi.com\/es\/#\/schema\/logo\/image\/"}}]}},"_links":{"self":[{"href":"https:\/\/www.starpestudi.com\/es\/wp-json\/wp\/v2\/pages\/833","targetHints":{"allow":["GET"]}}],"collection":[{"href":"https:\/\/www.starpestudi.com\/es\/wp-json\/wp\/v2\/pages"}],"about":[{"href":"https:\/\/www.starpestudi.com\/es\/wp-json\/wp\/v2\/types\/page"}],"author":[{"embeddable":true,"href":"https:\/\/www.starpestudi.com\/es\/wp-json\/wp\/v2\/users\/1"}],"replies":[{"embeddable":true,"href":"https:\/\/www.starpestudi.com\/es\/wp-json\/wp\/v2\/comments?post=833"}],"version-history":[{"count":6,"href":"https:\/\/www.starpestudi.com\/es\/wp-json\/wp\/v2\/pages\/833\/revisions"}],"predecessor-version":[{"id":1284,"href":"https:\/\/www.starpestudi.com\/es\/wp-json\/wp\/v2\/pages\/833\/revisions\/1284"}],"wp:attachment":[{"href":"https:\/\/www.starpestudi.com\/es\/wp-json\/wp\/v2\/media?parent=833"}],"curies":[{"name":"wp","href":"https:\/\/api.w.org\/{rel}","templated":true}]}}